{"id":17,"date":"2025-08-05T22:31:28","date_gmt":"2025-08-05T20:31:28","guid":{"rendered":"https:\/\/kwiatkowsky.eu\/slub\/?page_id=17"},"modified":"2025-08-12T23:02:26","modified_gmt":"2025-08-12T21:02:26","slug":"menu","status":"publish","type":"page","link":"https:\/\/kwiatkowsky.eu\/slub\/menu\/","title":{"rendered":"Menu"},"content":{"rendered":"\n<p class=\"has-medium-font-size\" style=\"font-style:normal;font-weight:600\">I danie, do wyboru<\/p>\n\n\n\n<ul class=\"wp-block-list\">\n<li>Ros\u00f3\u0142 drobiowy z tradycyjnym makaronem<\/li>\n\n\n\n<li>Zupa krem z broku\u0142\u00f3w z grzankami<\/li>\n<\/ul>\n\n\n\n<p class=\"has-medium-font-size\" style=\"font-style:normal;font-weight:600\">II danie<\/p>\n\n\n\n<ul class=\"wp-block-list\">\n<li>Kotlet schabowy z ko\u015bci\u0105, ziemniaki z wody i sur\u00f3wka coles\u0142aw<\/li>\n<\/ul>\n\n\n\n<p class=\"has-medium-font-size\" style=\"font-style:normal;font-weight:600\">Dania na p\u00f3\u0142miskach<\/p>\n\n\n\n<ul class=\"wp-block-list\">\n<li>Kark\u00f3wka pieczona w sosie my\u015bliwskim, kluski \u015bl\u0105skie, buraczki sma\u017cone na ciep\u0142o<\/li>\n\n\n\n<li>Kotlet de volaille z mozzarell\u0105, gruszk\u0105 i majerankiem, szyszki ziemniaczane, sur\u00f3wka z kapusty peki\u0144skiej<\/li>\n\n\n\n<li>Kotlet Cordon Bleu z piersi kurczaka nadziewany szynk\u0105 i serem mozzarella, szyszki ziemniaczane, sur\u00f3wka z kapusty peki\u0144skiej<\/li>\n\n\n\n<li>Babka ziemniaczana z kark\u00f3wk\u0105 i kie\u0142bas\u0105, sur\u00f3wka z kiszonej kapusty<\/li>\n<\/ul>\n\n\n\n<p class=\"has-medium-font-size\" style=\"font-style:normal;font-weight:600\">Przystawki zimne<\/p>\n\n\n\n<ul class=\"wp-block-list\">\n<li>Pol\u0119dwiczki z chrzanem<\/li>\n\n\n\n<li>Nuggetsy z kurczaka z 2 sosami<\/li>\n\n\n\n<li>Roladki z piersi kurczaka mix ze szpinakiem i fet\u0105, serem i szynk\u0105 i \u017curawin\u0105, \u015bliwk\u0105 i morel\u0105<\/li>\n\n\n\n<li>Ryba faszerowana w galarecie<\/li>\n\n\n\n<li>\u0141oso\u015b zawijany w cie\u015bcie nale\u015bnikowym lub szpinakowym z kulami melona<\/li>\n\n\n\n<li>\u015aledzie marynowane z cebulk\u0105<\/li>\n\n\n\n<li>Tortille zawijane z warzywami i szynk\u0105 lub grilowanym filetem z kurczaka<\/li>\n<\/ul>\n\n\n\n<p class=\"has-medium-font-size\" style=\"font-style:normal;font-weight:600\">Sa\u0142atki<\/p>\n\n\n\n<ul class=\"wp-block-list\">\n<li>Sa\u0142atka gyros<br>(kapusta peki\u0144ska, mi\u0119so w przyprawie gyros, kukurydza, og\u00f3rek, konserwowy, cebula czerwona, sos)<\/li>\n\n\n\n<li>Sa\u0142atka Caprese<br>(mozzarella, pomidor, bazylia, sos czosnkowy)<\/li>\n\n\n\n<li>Sa\u0142atka warzywna <br>(broku\u0142y, kalafiory, marchewka, jajko, pomidory, sos czosnkowy )<\/li>\n\n\n\n<li>Sa\u0142atka z kolorowych sa\u0142at z grilowanym kurczakiem, mozzarell\u0105 i pomara\u0144cz\u0105<\/li>\n<\/ul>\n\n\n\n<p class=\"has-medium-font-size\" style=\"font-style:normal;font-weight:600\">Wiejski st\u00f3\u0142<\/p>\n\n\n\n<ul class=\"wp-block-list\">\n<li>Smalec z dzika<\/li>\n\n\n\n<li>Smalec wieprzowy<\/li>\n\n\n\n<li>Chleb \u017cytni kurpiowski<\/li>\n\n\n\n<li>Swojskie og\u00f3rki ma\u0142osolne<\/li>\n\n\n\n<li>W\u0119dzony w\u0119gorz<\/li>\n\n\n\n<li>W\u0119dzony \u0142oso\u015b<\/li>\n\n\n\n<li><\/li>\n<\/ul>\n\n\n\n<p><\/p>\n","protected":false},"excerpt":{"rendered":"<p>I danie, do wyboru II danie Dania na p\u00f3\u0142miskach Przystawki zimne Sa\u0142atki Wiejski st\u00f3\u0142<\/p>\n","protected":false},"author":1,"featured_media":0,"parent":0,"menu_order":0,"comment_status":"closed","ping_status":"closed","template":"","meta":{"iawp_total_views":39,"footnotes":""},"class_list":["post-17","page","type-page","status-publish","hentry"],"_links":{"self":[{"href":"https:\/\/kwiatkowsky.eu\/slub\/wp-json\/wp\/v2\/pages\/17","targetHints":{"allow":["GET"]}}],"collection":[{"href":"https:\/\/kwiatkowsky.eu\/slub\/wp-json\/wp\/v2\/pages"}],"about":[{"href":"https:\/\/kwiatkowsky.eu\/slub\/wp-json\/wp\/v2\/types\/page"}],"author":[{"embeddable":true,"href":"https:\/\/kwiatkowsky.eu\/slub\/wp-json\/wp\/v2\/users\/1"}],"replies":[{"embeddable":true,"href":"https:\/\/kwiatkowsky.eu\/slub\/wp-json\/wp\/v2\/comments?post=17"}],"version-history":[{"count":5,"href":"https:\/\/kwiatkowsky.eu\/slub\/wp-json\/wp\/v2\/pages\/17\/revisions"}],"predecessor-version":[{"id":148,"href":"https:\/\/kwiatkowsky.eu\/slub\/wp-json\/wp\/v2\/pages\/17\/revisions\/148"}],"wp:attachment":[{"href":"https:\/\/kwiatkowsky.eu\/slub\/wp-json\/wp\/v2\/media?parent=17"}],"curies":[{"name":"wp","href":"https:\/\/api.w.org\/{rel}","templated":true}]}}