{"id":15,"date":"2025-08-05T21:26:07","date_gmt":"2025-08-05T19:26:07","guid":{"rendered":"https:\/\/kwiatkowsky.eu\/slub\/?page_id=15"},"modified":"2026-01-27T19:46:42","modified_gmt":"2026-01-27T18:46:42","slug":"instrukcja-przeslania-zdjec","status":"publish","type":"page","link":"https:\/\/kwiatkowsky.eu\/slub\/instrukcja-przeslania-zdjec\/","title":{"rendered":"Mo\u017cecie zobaczy\u0107 zdj\u0119cia"},"content":{"rendered":"\n<ol class=\"wp-block-list\">\n<li class=\"has-large-font-size\">Zdj\u0119cia go\u015bci: <a href=\"https:\/\/zdjecia.kwiatkowsky.eu\/mo\/sharing\/hun2svzHX\"><strong>Zdj\u0119cia go\u015bcie<\/strong><\/a><\/li>\n\n\n\n<li class=\"has-large-font-size\">Zdj\u0119cia fotografa: <a href=\"https:\/\/zdjecia.kwiatkowsky.eu\/mo\/sharing\/oQfno7uUJ\"><strong>Zdj\u0119cia Fotograf<\/strong><\/a><\/li>\n\n\n\n<li class=\"has-large-font-size\">Has\u0142o to ewaikuba<\/li>\n<\/ol>\n\n\n\n<p><\/p>\n","protected":false},"excerpt":{"rendered":"","protected":false},"author":1,"featured_media":0,"parent":0,"menu_order":0,"comment_status":"closed","ping_status":"closed","template":"","meta":{"iawp_total_views":148,"footnotes":""},"class_list":["post-15","page","type-page","status-publish","hentry"],"_links":{"self":[{"href":"https:\/\/kwiatkowsky.eu\/slub\/wp-json\/wp\/v2\/pages\/15","targetHints":{"allow":["GET"]}}],"collection":[{"href":"https:\/\/kwiatkowsky.eu\/slub\/wp-json\/wp\/v2\/pages"}],"about":[{"href":"https:\/\/kwiatkowsky.eu\/slub\/wp-json\/wp\/v2\/types\/page"}],"author":[{"embeddable":true,"href":"https:\/\/kwiatkowsky.eu\/slub\/wp-json\/wp\/v2\/users\/1"}],"replies":[{"embeddable":true,"href":"https:\/\/kwiatkowsky.eu\/slub\/wp-json\/wp\/v2\/comments?post=15"}],"version-history":[{"count":8,"href":"https:\/\/kwiatkowsky.eu\/slub\/wp-json\/wp\/v2\/pages\/15\/revisions"}],"predecessor-version":[{"id":158,"href":"https:\/\/kwiatkowsky.eu\/slub\/wp-json\/wp\/v2\/pages\/15\/revisions\/158"}],"wp:attachment":[{"href":"https:\/\/kwiatkowsky.eu\/slub\/wp-json\/wp\/v2\/media?parent=15"}],"curies":[{"name":"wp","href":"https:\/\/api.w.org\/{rel}","templated":true}]}}