{"id":14,"date":"2025-01-06T16:10:33","date_gmt":"2025-01-06T15:10:33","guid":{"rendered":"https:\/\/kwiatkowsky.eu\/slub\/?page_id=14"},"modified":"2025-02-14T13:45:56","modified_gmt":"2025-02-14T12:45:56","slug":"dojazd","status":"publish","type":"page","link":"https:\/\/kwiatkowsky.eu\/slub\/dojazd\/","title":{"rendered":"Dojazd"},"content":{"rendered":"\n<div class=\"wp-block-group has-global-padding is-layout-constrained wp-block-group-is-layout-constrained\">\n<p><strong>Ko\u015bci\u00f3\u0142<\/strong> pw. NMP Kr\u00f3lowej Polski &#8211; Olszewo Borki<\/p>\n\n\n\n<p><a href=\"https:\/\/maps.app.goo.gl\/Aj2CaZsepCBVvwHC7\">Nawigacja<\/a><\/p>\n\n\n\n<p align=\"center\"><iframe src=\"https:\/\/www.google.com\/maps\/embed?pb=!1m18!1m12!1m3!1d1312.629784838888!2d21.523276731456143!3d53.06182088773362!2m3!1f0!2f0!3f0!3m2!1i1024!2i768!4f13.1!3m3!1m2!1s0x471e4212543be089%3A0x7903488986690f55!2sParafia%20Rzymskokatolicka%20NMP%20Kr%C3%B3lowej%20Polski%20-%20Olszewo%20Borki!5e1!3m2!1spl!2spl!4v1736176203687!5m2!1spl!2spl\" width=\"600\" height=\"450\" style=\"border:0;\" allowfullscreen=\"\" loading=\"lazy\" referrerpolicy=\"no-referrer-when-downgrade\"><\/iframe><\/p>\n\n\n\n<p><strong>Sala <\/strong>Bankietowa &#8222;Arkadia&#8221;<br><a href=\"https:\/\/maps.app.goo.gl\/x3LcW4LXryWmj8yk8\">Nawigacja<\/a><\/p>\n\n\n\n<p align=\"center\"><iframe src=\"https:\/\/www.google.com\/maps\/embed?pb=!1m18!1m12!1m3!1d2404.7085489299134!2d21.519232022202868!3d53.04957520180584!2m3!1f0!2f0!3f0!3m2!1i1024!2i768!4f13.1!3m3!1m2!1s0x471e427cdcc74a09%3A0x7ed7fad945baa476!2sPensjonat%20Sala%20Bankietowa%20%22Arkadia%22!5e1!3m2!1spl!2spl!4v1736176283152!5m2!1spl!2spl\" width=\"600\" height=\"450\" style=\"border:0;\" allowfullscreen=\"\" loading=\"lazy\" referrerpolicy=\"no-referrer-when-downgrade\"><\/iframe><\/p>\n\n\n\n<p><\/p>\n<\/div>\n","protected":false},"excerpt":{"rendered":"<p>Ko\u015bci\u00f3\u0142 pw. NMP Kr\u00f3lowej Polski &#8211; Olszewo Borki Nawigacja Sala Bankietowa &#8222;Arkadia&#8221;Nawigacja<\/p>\n","protected":false},"author":1,"featured_media":0,"parent":0,"menu_order":0,"comment_status":"closed","ping_status":"closed","template":"","meta":{"iawp_total_views":21,"footnotes":""},"class_list":["post-14","page","type-page","status-publish","hentry"],"_links":{"self":[{"href":"https:\/\/kwiatkowsky.eu\/slub\/wp-json\/wp\/v2\/pages\/14","targetHints":{"allow":["GET"]}}],"collection":[{"href":"https:\/\/kwiatkowsky.eu\/slub\/wp-json\/wp\/v2\/pages"}],"about":[{"href":"https:\/\/kwiatkowsky.eu\/slub\/wp-json\/wp\/v2\/types\/page"}],"author":[{"embeddable":true,"href":"https:\/\/kwiatkowsky.eu\/slub\/wp-json\/wp\/v2\/users\/1"}],"replies":[{"embeddable":true,"href":"https:\/\/kwiatkowsky.eu\/slub\/wp-json\/wp\/v2\/comments?post=14"}],"version-history":[{"count":9,"href":"https:\/\/kwiatkowsky.eu\/slub\/wp-json\/wp\/v2\/pages\/14\/revisions"}],"predecessor-version":[{"id":73,"href":"https:\/\/kwiatkowsky.eu\/slub\/wp-json\/wp\/v2\/pages\/14\/revisions\/73"}],"wp:attachment":[{"href":"https:\/\/kwiatkowsky.eu\/slub\/wp-json\/wp\/v2\/media?parent=14"}],"curies":[{"name":"wp","href":"https:\/\/api.w.org\/{rel}","templated":true}]}}